{"id":2721,"date":"2024-05-30T21:14:05","date_gmt":"2024-05-30T21:14:05","guid":{"rendered":"https:\/\/sociologiaeantropologia.com.br\/?page_id=2721"},"modified":"2024-06-12T17:43:32","modified_gmt":"2024-06-12T17:43:32","slug":"a-revista","status":"publish","type":"page","link":"https:\/\/sociologiaeantropologia.com.br\/en\/","title":{"rendered":"journal"},"content":{"rendered":"<p class=\"has-tertiary-color has-text-color has-background has-link-color wp-elements-6bec934ca8079e7426d1fca03cbf7d83 translation-block\" style=\"background-color:#2f2c2c;margin-right:0;margin-left:0;padding-top:0;padding-right:0;padding-bottom:0;padding-left:0;font-size:13px;line-height:1.3\">The journal  <strong><em> Sociologia &amp; Antropologia <\/em><\/strong> is an <em>online<\/em> continuous publication with three issues per year by the Graduate Program in Sociology and Anthropology (PPGSA) at the Institute of Philosophy and Social Sciences (IFCS) of the Federal University of Rio de Janeiro (UFRJ).<\/p>\n\n\n\n<p class=\"has-tertiary-color has-text-color has-background has-link-color wp-elements-4d152e28a0da31fb92e24c9894fd786b\" style=\"background-color:#2f2c2c;padding-top:0;padding-right:0;padding-bottom:0;padding-left:0;font-size:13px;line-height:1.3\"><strong><em>Sociologia &amp; Antropologia\u2019s<\/em><\/strong>&nbsp;aim is to disseminate, expand and enhance sociological and anthropological knowledge across different thematic fields, encouraging a diversity of theoretical approaches. Like PPGSA, the Journal acknowledges the contemporary demands for specialization; but it seeks to promote dialogue beyond narrowly defined academic boundaries by means of productive exchanges between the distinct theoretical traditions that configure the disciplines of sociology and anthropology.<\/p>","protected":false},"excerpt":{"rendered":"<p>Sociologia &amp; Antropologia&nbsp;\u00e9 uma publica\u00e7\u00e3o quadrimestral cont\u00ednua&nbsp;on-line&nbsp;do Programa de P\u00f3s-gradua\u00e7\u00e3o em Sociologia e Antropologia (PPGSA), do Instituto de Filosofia e Ci\u00eancias Sociais (IFCS) da Universidade Federal do Rio de Janeiro (UFRJ). Sociologia &amp; Antropologia&nbsp;busca contribuir para a divulga\u00e7\u00e3o, expans\u00e3o e aprimoramento do conhecimento sociol\u00f3gico e antropol\u00f3gico em seus diversos campos tem\u00e1ticos e perspectivas te\u00f3ricas. Assim [&hellip;]<\/p>\n","protected":false},"author":1,"featured_media":0,"parent":0,"menu_order":0,"comment_status":"closed","ping_status":"closed","template":"","meta":{"nf_dc_page":"","footnotes":""},"class_list":["post-2721","page","type-page","status-publish","hentry"],"_links":{"self":[{"href":"https:\/\/sociologiaeantropologia.com.br\/en\/wp-json\/wp\/v2\/pages\/2721","targetHints":{"allow":["GET"]}}],"collection":[{"href":"https:\/\/sociologiaeantropologia.com.br\/en\/wp-json\/wp\/v2\/pages"}],"about":[{"href":"https:\/\/sociologiaeantropologia.com.br\/en\/wp-json\/wp\/v2\/types\/page"}],"author":[{"embeddable":true,"href":"https:\/\/sociologiaeantropologia.com.br\/en\/wp-json\/wp\/v2\/users\/1"}],"replies":[{"embeddable":true,"href":"https:\/\/sociologiaeantropologia.com.br\/en\/wp-json\/wp\/v2\/comments?post=2721"}],"version-history":[{"count":6,"href":"https:\/\/sociologiaeantropologia.com.br\/en\/wp-json\/wp\/v2\/pages\/2721\/revisions"}],"predecessor-version":[{"id":6080,"href":"https:\/\/sociologiaeantropologia.com.br\/en\/wp-json\/wp\/v2\/pages\/2721\/revisions\/6080"}],"wp:attachment":[{"href":"https:\/\/sociologiaeantropologia.com.br\/en\/wp-json\/wp\/v2\/media?parent=2721"}],"curies":[{"name":"wp","href":"https:\/\/api.w.org\/{rel}","templated":true}]}}