{"id":2658,"date":"2024-05-30T19:58:40","date_gmt":"2024-05-30T19:58:40","guid":{"rendered":"https:\/\/sociologiaeantropologia.com.br\/?page_id=2658"},"modified":"2024-08-09T13:15:31","modified_gmt":"2024-08-09T13:15:31","slug":"sobre","status":"publish","type":"page","link":"https:\/\/sociologiaeantropologia.com.br\/en\/sobre\/","title":{"rendered":"about"},"content":{"rendered":"<p class=\"\"><\/p>\n\n\n\n<h2 class=\"wp-block-heading\" style=\"margin-top:0;margin-bottom:var(--wp--preset--spacing--20);padding-top:0;padding-bottom:0\">Brief Background<\/h2>\n\n\n\n<p style=\"margin-top:0;margin-right:0;margin-bottom:0;margin-left:0;padding-top:0;padding-right:0;padding-bottom:0;padding-left:0\" class=\"translation-block\">The journal  <strong><em> Sociologia &amp; Antropologia <\/em><\/strong> is an <em>online<\/em> continuous publication with three issues per year by the Graduate Program in Sociology and Anthropology (PPGSA) at the Institute of Philosophy and Social Sciences (IFCS) of the Federal University of Rio de Janeiro (UFRJ).<\/p>\n\n\n\n<p class=\"\"><strong><em>Sociologia &amp; Antropologia\u2019s<\/em><\/strong>&nbsp;aim is to disseminate, expand and enhance sociological and anthropological knowledge across different thematic fields, encouraging a diversity of theoretical approaches. Like PPGSA, the Journal acknowledges the contemporary demands for specialization; but it seeks to promote dialogue beyond narrowly defined academic boundaries by means of productive exchanges between the distinct theoretical traditions that configure the disciplines of sociology and anthropology.<\/p>\n\n\n\n<p class=\"\"><strong><em>Sociologia &amp; Antropologia\u2019s<\/em><\/strong>therefore promotes interchanges between sociological and anthropological approaches that are simultaneously critical and informed by mutual understanding. It stimulates dynamic communication and debate on key theoretical, empirical, historical and analytic themes. The Journal recognizes the multiplicity of theoretical paradigms that permeates social knowledge, and favors the opportunities for the exchange of convergent and divergent points of views in these different fields of knowledge. This is precisely the idea expressed by the symbol<em>&amp;<\/em>in <strong><em>Sociologia &amp; Antropologia\u2019s<\/em><\/strong>that interconnects the two disciplines in the title of the Journal.<\/p>\n\n\n\n<p class=\"\"><strong><em>Sociologia &amp; Antropologia\u2019s<\/em><\/strong>&nbsp;aims to present, disseminate and debate original research that provides insight into the sociocultural processes in Brazil and abroad. The Journal is open to the collaboration of specialists from universities and research institutions, and will publish new and original work in Portuguese, Spanish and English. <strong><em>Sociologia &amp; Antropologia\u2019s<\/em><\/strong>&nbsp;ambition, in sum, is to become an outlet for consistent inquiry into topics relevant to contemporary debate in the social sciences, contributing to their development.<\/p>\n\n\n\n<p class=\"\">Its abbreviated title is&nbsp;<strong>Sociol. Antropol.<\/strong>, which should be used in bibliographies, footnotes and bibliographical references and strips.<\/p>\n\n\n\n<div style=\"height:10px\" aria-hidden=\"true\" class=\"wp-block-spacer\"><\/div>\n\n\n\n<h2 class=\"wp-block-heading\" style=\"margin-top:0;margin-bottom:var(--wp--preset--spacing--20);padding-top:0;padding-bottom:0\"><strong>Open Science Compliance&nbsp;<\/strong><\/h2>\n\n\n\n<p style=\"margin-top:0;margin-bottom:0;padding-top:0;padding-bottom:0\" class=\"\">This journal offers immediate and free access to its contents, in line with the principle that making scientific knowledge freely available to the public ensures greater worldwide democratization of knowledge.<\/p>\n\n\n\n<p class=\"\">In accordance with the principles of Open Science, <strong><em>Sociologia &amp; Antropologia\u2019s<\/em><\/strong>&nbsp;accepts manuscripts previously deposited on preprint servers and recommends that research data should be made public in repositories at the time of submission or becomes public when the article is published. In the manuscript publication, <strong><em>Sociologia &amp; Antropologia\u2019s<\/em><\/strong>&nbsp;informs the editor responsible for evaluating the text.&nbsp;<\/p>\n\n\n\n<p class=\"\">As part of the submission process, authors should submit the Open Science Compliance Form with their paper. This form is available in the ''Submissions'' section.<\/p>\n\n\n\n<div style=\"height:10px\" aria-hidden=\"true\" class=\"wp-block-spacer\"><\/div>\n\n\n\n<h2 class=\"wp-block-heading\" style=\"margin-bottom:var(--wp--preset--spacing--20)\"><strong>Ethics in Publication<\/strong><\/h2>\n\n\n\n<p style=\"margin-top:0;margin-bottom:0\" class=\"\">The journal adopts the principles contained in the Code of Ethics of Committee on Publication Ethics (COPE), of the Conselho Nacional de Desenvolvimento Cient\u00edfico e Tecnol\u00f3gico (CNPq), and of the Funda\u00e7\u00e3o de Amparo \u00e0 Pesquisa do Estado de S\u00e3o Paulo (FAPESP)<\/p>\n\n\n\n<div style=\"height:10px\" aria-hidden=\"true\" class=\"wp-block-spacer\"><\/div>\n\n\n\n<h2 class=\"wp-block-heading\" style=\"margin-bottom:var(--wp--preset--spacing--20)\"><strong>Digital Preservation&nbsp;<\/strong><\/h2>\n\n\n\n<p style=\"margin-top:0;margin-bottom:0\" class=\"\">This journal follows the standards defined in the Digital Preservation Policy program of the SciELO Program <a href=\"https:\/\/www.scielo.org\/pt\/sobre-o-scielo\/preservacao-digital\/\">Pol\u00edtica de Preserva\u00e7\u00e3o Digital do Programa SciELO<\/a>.<\/p>\n\n\n\n<div style=\"height:10px\" aria-hidden=\"true\" class=\"wp-block-spacer\"><\/div>\n\n\n\n<h2 class=\"wp-block-heading\"><strong>Editorial Policy&nbsp;<\/strong><\/h2>\n\n\n\n<h3 class=\"wp-block-heading\" style=\"margin-bottom:var(--wp--preset--spacing--20)\"><strong>Preprints&nbsp;<\/strong><\/h3>\n\n\n\n<p style=\"margin-top:0;margin-bottom:0\" class=\"\">Regarding <strong><em>Sociologia &amp; Antropologia\u2019s<\/em>,<\/strong> editorial policy, we would like to inform you that:<\/p>\n\n\n\n<p class=\"\">All material previously published, in whole or in part, in a journal or book by the authors is considered prior publication. Therefore, they cannot be submitted for evaluation in <strong><em>Sociologia &amp; Antropologia\u2019s<\/em>.<\/strong> All content previously available in event proceedings, theses and dissertations is not considered prior publication. However, authors must declare the origin of the article when submitting it.<\/p>\n\n\n\n<p class=\"\"><strong><em>Sociologia &amp; Antropologia\u2019s<\/em><\/strong> accepts articles previously deposited on preprint servers. We recommend using SciELO Preprints. Other servers will be analyzed on a case-by-case basis by the Editor-in-Chief. The text previously published on the preprint must be correctly cited at the time of submission and the virtual location (link, DOI etc.) must be provided.&nbsp;<\/p>\n\n\n\n<div style=\"height:10px\" aria-hidden=\"true\" class=\"wp-block-spacer\"><\/div>\n\n\n\n<h3 class=\"wp-block-heading\" style=\"margin-bottom:var(--wp--preset--spacing--20)\"><strong>Peer Review Process<\/strong><\/h3>\n\n\n\n<p style=\"margin-top:0;margin-bottom:0\" class=\"\">The suitability of a manuscript for publication will be first assessed by the Editorial Committee with regard to its suitability to the journal's profile and editorial policy of the journal, and fit within the aims and scope of the journal; if approved, they will then be scrutinized by ad hoc reviewers <em>ad hoc<\/em> based in Brazil or abroad - always PhD holders with proven expertise in the subject of the article - in relation to their content and academic quality.<\/p>\n\n\n\n<p class=\"\"><strong><em>Sociologia &amp; Antropologia\u2019s<\/em><\/strong> undergo double-blind refereeing: articles are sent to two referees. <em>ad hoc<\/em> In case of divergent recommendations, a third review is requested.&nbsp;<\/p>\n\n\n\n<p class=\"\">In the case of manuscripts previously made available on preprint servers, the anonymity of the authors cannot be guaranteed. For this reason, the evaluation can be single-blind, when the authors reveal their identity, but the referees remain anonymous.&nbsp;<\/p>\n\n\n\n<p class=\"\">Articles will be evaluated according to the criteria of quality and accuracy of the arguments, validity of the presented data, timeliness, and relevance of the article to the discussion of problems in the area of research, and the adequacy and contemporaneity of the references.<\/p>\n\n\n\n<p class=\"\">The Journal will deliver a decision letter about the paper within approximately six months. The author will be informed of one of the following decisions: (a) Accepted for publication with no changes to the content; (b) Accepted after minor revision; (c) Reformulate and submit to new evaluation; or (d) Rejected. Authors must present a revised version of a manuscript accepted for publication tracking all changes made to the text. Authors must duly justify any requirements and recommendations made by the reviewers that has not been heeded.<\/p>\n\n\n\n<p class=\"\">The editor responsible for evaluating the manuscript will be informed when the article is published.<\/p>\n\n\n\n<div style=\"height:10px\" aria-hidden=\"true\" class=\"wp-block-spacer\"><\/div>\n\n\n\n<h3 class=\"wp-block-heading\" style=\"margin-bottom:var(--wp--preset--spacing--20)\"><strong>Open Data<\/strong><\/h3>\n\n\n\n<p style=\"margin-top:0;margin-bottom:0\" class=\"\">Following the principles of Open Science, <strong><em>Sociologia &amp; Antropologia\u2019s<\/em><\/strong>recommends that all content (such as data, information collected, program codes, etc.) underlying the text of the manuscript be made available before or at the time of publication.&nbsp;<\/p>\n\n\n\n<p class=\"\">If the authors choose to keep the research data closed, they will need to provide justification when submitting the manuscript, which will be analyzed by the Editor-in-Chief. <strong><em>Sociologia &amp; Antropologia\u2019s<\/em><\/strong> suggests that the data repositories chosen to store the data should be of the institutions to which one of the authors is affiliated or other reliable data repositories should be used.&nbsp;<\/p>\n\n\n\n<p class=\"\">Para mais informa\u00e7\u00f5es, conferir:<\/p>\n\n\n\n<p class=\"\">1) Guide TOP:\u00a0https:\/\/wp.scielo.org\/wp-content\/uploads\/Guia_TOP_pt.pdf&nbsp;<\/p>\n\n\n\n<p class=\"\">2) Guidelines for research data Citation (Portuguese only): https:\/\/wp.scielo.org\/wp-content\/uploads\/guia-de-citacao-de-dados_pt.pdf&nbsp;<\/p>\n\n\n\n<p class=\"\">3) List of repositories for research data deposit (Portugueses Only): https:\/\/wp.scielo.org\/wp-content\/uploads\/Lista-de-Repositorios-Recomendados_pt.pdf&nbsp;<\/p>\n\n\n\n<p class=\"\">4) SciELO has its own repository, SciELO Data, available to researchers who publish articles in the journals indexed there.<\/p>\n\n\n\n<div style=\"height:10px\" aria-hidden=\"true\" class=\"wp-block-spacer\"><\/div>\n\n\n\n<h3 class=\"wp-block-heading\" style=\"margin-bottom:var(--wp--preset--spacing--20)\"><strong>Fees<\/strong><\/h3>\n\n\n\n<p style=\"margin-top:0;margin-bottom:0\" class=\"\">The Journal does not charge a submission fee, article processing charge (APC) or publication fee.<\/p>\n\n\n\n<div style=\"height:10px\" aria-hidden=\"true\" class=\"wp-block-spacer\"><\/div>\n\n\n\n<h3 class=\"wp-block-heading\" style=\"margin-bottom:var(--wp--preset--spacing--20)\"><strong>Ethics and Misconduct, Correction and Retraction Policy<\/strong><\/h3>\n\n\n\n<p style=\"margin-top:0;margin-bottom:0;padding-top:0;padding-bottom:0\" class=\"\">Whenever bad practices or issues that violate scientific ethics are detected in manuscripts that have already been published, the journal will conduct an investigation.&nbsp;<\/p>\n\n\n\n<p class=\"\">Compliance with good practices should be based on the following documentation:<\/p>\n\n\n\n<p class=\"\">Guidelines on Best Practices for Strengthening Ethics in Scientific Publication: https:\/\/wp.scielo.org\/wp-content\/uploads\/Guia-de-Boas-Praticas-para-o-Fortalecimento-da-Etica-na-Publicacao-Cientifica.pdf&nbsp; &nbsp;<\/p>\n\n\n\n<p class=\"\">Guide to recording, marking and publishing Correction (Portuguese Only): https:\/\/wp.scielo.org\/wp-content\/uploads\/guia_errata.pdf &nbsp;<\/p>\n\n\n\n<p class=\"\">Guide for registering, marking and publishing a retraction (Portuguese Only):  https:\/\/wp.scielo.org\/wp-content\/uploads\/guia_retratacao.pdf&nbsp;<\/p>\n\n\n\n<div style=\"height:10px\" aria-hidden=\"true\" class=\"wp-block-spacer\"><\/div>\n\n\n\n<h3 class=\"wp-block-heading\" style=\"margin-bottom:var(--wp--preset--spacing--20)\"><strong>Policy on Conflict of Interest<\/strong><\/h3>\n\n\n\n<p style=\"margin-top:0;margin-bottom:0\" class=\"\">The editorial staff requires all authors and reviewers to declare possible conflicts of interest with regard to manuscripts submitted to the journal. <strong><em>Sociologia &amp; Antropologia\u2019s<\/em> <\/strong>understand conflict of interest as any type of commercial, financial or personal interest in the data or issues of the study by one or more authors, leading to potential conflicts among the parties involved. Conflicts of interest can influence the results and conclusions of a study as well as the review process. The existence of conflicts of interest does not impede the submission of a paper or its publication in the journal. However, the authors must explain the reasons for the conflict to the editors, who will make the final decision.<\/p>\n\n\n\n<div style=\"height:10px\" aria-hidden=\"true\" class=\"wp-block-spacer\"><\/div>\n\n\n\n<h3 class=\"wp-block-heading\" style=\"margin-bottom:var(--wp--preset--spacing--20)\"><strong>Adoption of similarity software<\/strong><\/h3>\n\n\n\n<p style=\"margin-top:0;margin-bottom:0\" class=\"\"><strong><em>Sociologia &amp; Antropologia\u2019s<\/em><\/strong> follows the guidelines of the <a href=\"https:\/\/wp.scielo.org\/wp-content\/uploads\/Guia-de-uso-de-ferramentas-e-recursos-de-IA-20230914.pdf\">Guide to the use of Artificial Intelligence tools and resources<\/a> in research communication on the SciELO.&nbsp;<\/p>\n\n\n\n<p class=\"\">When submitting articles, the journal uses Plagius software to detect similarities in the materials submitted. Based on the report generated by the plagiarism detection program, the textual content of the manuscript is analyzed in order to identify whether (or not) there is any evidence of plagiarism or self-plagiarism in the text.&nbsp;<\/p>\n\n\n\n<p class=\"\">This is an important procedure, as it guarantees the journal's ethics and transparency with its readers and with the authors themselves. In addition, it is part of our policy to ensure journal's reputation and the excellence of the knowledge it disseminates.&nbsp;<\/p>\n\n\n\n<div style=\"height:10px\" aria-hidden=\"true\" class=\"wp-block-spacer\"><\/div>\n\n\n\n<h3 class=\"wp-block-heading\" style=\"margin-bottom:var(--wp--preset--spacing--20)\"><strong>Gender and Sex Issues<\/strong><\/h3>\n\n\n\n<p style=\"margin-top:0;margin-bottom:0\" class=\"\">The editorial team of the <strong><em>Sociologia &amp; Antropologia\u2019s<\/em>,<\/strong> , in addition to the authors who publish in the journal, should always observe the guidelines on Gender Equity in Research (Sex and Gender Equity in Research - SAGER). The SAGER guidelines comprise a set of guidelines that guide the reporting of information about sex and gender in the study design, data analysis and results and interpretation of the findings. In addition, the <strong><em>Sociologia &amp; Antropologia\u2019s<\/em> <\/strong>observes the policy of gender equity in the formation of its editorial board.<\/p>\n\n\n\n<div style=\"height:10px\" aria-hidden=\"true\" class=\"wp-block-spacer\"><\/div>\n\n\n\n<h3 class=\"wp-block-heading\" style=\"margin-bottom:var(--wp--preset--spacing--20)\"><strong>Ethics Committee<\/strong><\/h3>\n\n\n\n<p style=\"margin-top:0;margin-bottom:0\" class=\"\">Authors must attach a statement of approval from the ethics committee of the institution responsible for approving the research, if applicable.<\/p>\n\n\n\n<div style=\"height:10px\" aria-hidden=\"true\" class=\"wp-block-spacer\"><\/div>\n\n\n\n<h3 class=\"wp-block-heading\" style=\"margin-bottom:var(--wp--preset--spacing--20)\"><strong>Copyright<\/strong><\/h3>\n\n\n\n<p style=\"margin-top:0;margin-bottom:0\" class=\"\">Authors of articles published by <strong><em>Sociologia &amp; Antropologia\u2019s<\/em><\/strong> grant the journal the right of first publication and authors retain the copyright of their work, licensing it under the Creative Commons Attribution CC-BY license, which allows articles to be reused and distributed without restriction, since the original work is correctly cited.&nbsp;<\/p>\n\n\n\n<div style=\"height:10px\" aria-hidden=\"true\" class=\"wp-block-spacer\"><\/div>\n\n\n\n<h3 class=\"wp-block-heading\" style=\"margin-bottom:var(--wp--preset--spacing--20)\"><strong>Intellectual Property and Terms of Use<\/strong><\/h3>\n\n\n\n<p style=\"margin-top:0;margin-bottom:0\" class=\"\">All content of the journal, except where identified, is licensed under a Creative Commons attribution-type BY.<\/p>\n\n\n\n<p class=\"\"><strong><em>Sociologia &amp; Antropologia\u2019s<\/em><\/strong> assumes no responsibility for the concepts expressed by the authors, who are asked to declare their responsibility for the content of the submitted manuscript.&nbsp;<\/p>\n\n\n\n<p class=\"\">Authors that publish in <strong><em>Sociologia &amp; Antropologia\u2019s<\/em> <\/strong>1) maintain all of their rights and grant the journal the right of first publication and a license to publish and distribute the work under a Creative Commons Attribution License that allows others to share the work with acknowledgement of the work\u2019s authorship; initial publication in this journal; that it is not used for commercial purposes and it is not modified; 2) may enter into separate, additional contractual arrangements for the non-exclusive distribution of the journal\u2019s published version of the work (e.g., post it to an institutional repository or publish it in a book) with acknowledgement of its initial publication in this journal; and 3) are allowed and encouraged to disseminate their works electronically (for example, in institutional repositories or on your own website), because it can increase impact and lead to more frequently citation of the published document (See The Effect of Open Access in:(http:\/\/opcit.eprints.org\/oacitation-biblio.html).<\/p>","protected":false},"excerpt":{"rendered":"<p>Breve Hist\u00f3rico Sociologia &amp; Antropologia&nbsp;\u00e9 uma publica\u00e7\u00e3o quadrimestral cont\u00ednua&nbsp;on-line&nbsp;do Programa de P\u00f3s-gradua\u00e7\u00e3o em Sociologia e Antropologia (PPGSA), do Instituto de Filosofia e Ci\u00eancias Sociais (IFCS) da Universidade Federal do Rio de Janeiro (UFRJ). Sociologia &amp; Antropologia&nbsp;busca contribuir para a divulga\u00e7\u00e3o, expans\u00e3o e aprimoramento do conhecimento sociol\u00f3gico e antropol\u00f3gico em seus diversos campos tem\u00e1ticos e perspectivas [&hellip;]<\/p>\n","protected":false},"author":1,"featured_media":0,"parent":0,"menu_order":0,"comment_status":"closed","ping_status":"closed","template":"","meta":{"nf_dc_page":"","footnotes":""},"class_list":["post-2658","page","type-page","status-publish","hentry"],"_links":{"self":[{"href":"https:\/\/sociologiaeantropologia.com.br\/en\/wp-json\/wp\/v2\/pages\/2658","targetHints":{"allow":["GET"]}}],"collection":[{"href":"https:\/\/sociologiaeantropologia.com.br\/en\/wp-json\/wp\/v2\/pages"}],"about":[{"href":"https:\/\/sociologiaeantropologia.com.br\/en\/wp-json\/wp\/v2\/types\/page"}],"author":[{"embeddable":true,"href":"https:\/\/sociologiaeantropologia.com.br\/en\/wp-json\/wp\/v2\/users\/1"}],"replies":[{"embeddable":true,"href":"https:\/\/sociologiaeantropologia.com.br\/en\/wp-json\/wp\/v2\/comments?post=2658"}],"version-history":[{"count":5,"href":"https:\/\/sociologiaeantropologia.com.br\/en\/wp-json\/wp\/v2\/pages\/2658\/revisions"}],"predecessor-version":[{"id":6074,"href":"https:\/\/sociologiaeantropologia.com.br\/en\/wp-json\/wp\/v2\/pages\/2658\/revisions\/6074"}],"wp:attachment":[{"href":"https:\/\/sociologiaeantropologia.com.br\/en\/wp-json\/wp\/v2\/media?parent=2658"}],"curies":[{"name":"wp","href":"https:\/\/api.w.org\/{rel}","templated":true}]}}