{"id":2657,"date":"2024-05-30T19:58:30","date_gmt":"2024-05-30T19:58:30","guid":{"rendered":"https:\/\/sociologiaeantropologia.com.br\/?page_id=2657"},"modified":"2024-06-07T23:27:23","modified_gmt":"2024-06-07T23:27:23","slug":"instrucoes-aos-autores","status":"publish","type":"page","link":"https:\/\/sociologiaeantropologia.com.br\/en\/instrucoes-aos-autores\/","title":{"rendered":"instructions to authors"},"content":{"rendered":"<h2 class=\"wp-block-heading\"><strong>Types of Documents Accepted<\/strong><\/h2>\n\n\n\n<p class=\"\"><strong><em>Sociologia &amp; Antropologia\u2019s<\/em><\/strong> accepts the following types of contributions:<\/p>\n\n\n\n<p class=\"\">1) Original articles (up to 9,000 words, including bibliographical references and footnotes)&nbsp;<\/p>\n\n\n\n<p class=\"\">2) Research registers (up to 4,400 words). This section is comprised of<\/p>\n\n\n\n<p class=\"\">a. Presentation of sources and documents of research regarding the history of social sciences<\/p>\n\n\n\n<p class=\"\">b. Notes of research with photography<\/p>\n\n\n\n<p class=\"\">c. Bibliographical accounts of themes and issues of social sciences<\/p>\n\n\n\n<p class=\"\">3) Bibliographical reviews (up to 1,600 words)<\/p>\n\n\n\n<p class=\"\">4) Interviews<\/p>\n\n\n\n<p class=\"\">Manuscripts may be submitted in Portuguese, English, French and Spanish, however they will be published only in Portugues, Spanish and English. If necessary, the author will be responsible for their translation. Financial support may exceptionally be granted.<\/p>\n\n\n\n<div style=\"height:10px\" aria-hidden=\"true\" class=\"wp-block-spacer\"><\/div>\n\n\n\n<h2 class=\"wp-block-heading\"><strong>Authors' Contribution<\/strong><\/h2>\n\n\n\n<p class=\"\">Only those who have contributed substantially to the conception, planning, data analysis and writing of the article should be included as authors. These should be responsible for the information covered in the final version. All conditions must be met for authorship attribution. Whenever an article has more than one author, it will be necessary to specify each one's contribution in the Contributor Roles Taxonomy (CRediT).&nbsp;<\/p>\n\n\n\n<div style=\"height:10px\" aria-hidden=\"true\" class=\"wp-block-spacer\"><\/div>\n\n\n\n<h2 class=\"wp-block-heading\"><strong>Manuscript Preparation&nbsp;<\/strong><\/h2>\n\n\n\n<p class=\"\">Manuscripts submitted for publication must not be simultaneously submitted to another journal. Manuscripts should be submitted through our ScholarOne.<\/p>\n\n\n\n<div style=\"height:10px\" aria-hidden=\"true\" class=\"wp-block-spacer\"><\/div>\n\n\n\n<h2 class=\"wp-block-heading\"><strong>Article Submission Format<\/strong><\/h2>\n\n\n\n<p class=\"\">The manuscript should not contain the authors' names and should include endnotes of essential character in Arabic numerals; bibliographical references; article title and abstract (between 100 and 150 words), together with 5 keywords, in Portuguese and English; and, if applicable, the attribution of images.&nbsp;<\/p>\n\n\n\n<p class=\"\">Acknowledgements and information about the authors should be sent in a separate file. This file should contain the following information: education, institution, position, e-mail, Orcid, research funding agency, statement that the research has been approved by an institutional ethics committee (if applicable) and the authors' main publications.<\/p>\n\n\n\n<p class=\"\">In the case of manuscripts previously available on preprint servers, they do not need to be anonymous. At the time of submission, it is necessary to inform the virtual location of the manuscript (link, DOI etc.).&nbsp;<\/p>\n\n\n\n<p class=\"\">The texts must be typed in font Times New Roman 12, paragraphs with first line indented, justified, double-spaced on standard A4 paper (210x297), on one side of the page.<\/p>\n\n\n\n<div style=\"height:10px\" aria-hidden=\"true\" class=\"wp-block-spacer\"><\/div>\n\n\n\n<h2 class=\"wp-block-heading\"><strong>Digital Assets<\/strong><\/h2>\n\n\n\n<p class=\"\">Pictures, photographs, graphs, maps, tables and figures should have title and source, and be numbered. Also, they should be adequate for reliable reproduction (300dpi). In addition to being inserted in the body of text, images should be submitted as separate files. Authors are responsible for obtaining permission from copyright holders for reproducing any illustrations, tables, figures or lengthy quotations previously published elsewhere.<\/p>\n\n\n\n<div style=\"height:10px\" aria-hidden=\"true\" class=\"wp-block-spacer\"><\/div>\n\n\n\n<h2 class=\"wp-block-heading\"><strong>Citations and References<\/strong><\/h2>\n\n\n\n<p class=\"\">We ask that you observe the standards of presentation required for bibliographical references and citations contained in the standardization of the American Psychology Association, APA, 7th Edition (Manual of the American Psychological Association, 2019, 7th edition).&nbsp;<\/p>\n\n\n\n<p class=\"\">Footnotes should come at the end of the text (as endnotes) and should not be simple bibliographical references. The latter must appear in the body of the text with the following format:<\/p>\n\n\n\n<p class=\"\">(author\u2019s last name, year of publication), as in the following example: (Tilly, 1996);<\/p>\n\n\n\n<p class=\"\">When quotations exceed five lines, they should be separated from the text in a special paragraph and indented; if they have less than five lines, they should be integrated in the paragraph and use quotation marks. In either case, the reference should conform to the format as follows:<\/p>\n\n\n\n<p class=\"\">(author\u2019s last name, year of publication: page number), as in the following examples:<\/p>\n\n\n\n<p class=\"\">(Tilly, 1996: 105)<\/p>\n\n\n\n<p class=\"\">(Tilly, 1996: 105 - 106)<\/p>\n\n\n\n<p class=\"\">Bibliographical references in alphabetical order should appear after the endnotes and adhere to the following style format (other complementary elements are optional):<\/p>\n\n\n\n<p class=\"\"><strong>1. Book<\/strong><\/p>\n\n\n\n<p style=\"margin-top:0;margin-bottom:0\" class=\"\">Pinto, Luis de Aguiar Costa. (1949).&nbsp;<em>Lutas de fam\u00edlias no Brasil: introdu\u00e7\u00e3o ao seu estudo<\/em>. S\u00e3o Paulo: Companhia Editora Nacional.<\/p>\n\n\n\n<p class=\"\"><strong>2. Book by two authors<\/strong><\/p>\n\n\n\n<p style=\"margin-top:0;margin-bottom:0\" class=\"\">Cardoso, Fernando Henrique &amp; Ianni, Oct\u00e1vio. (1960).&nbsp;<em>Cor e mobilidade social em Florian\u00f3polis:<\/em> <em>aspectos das rela\u00e7\u00f5es entre negros e brancos numa comunidade do Brasil meridional<\/em>.S\u00e3o Paulo: Companhia Editora Nacional.<\/p>\n\n\n\n<p class=\"\"><strong>3. Book by many authors<\/strong><\/p>\n\n\n\n<p style=\"margin-top:0;margin-bottom:0\" class=\"\">Wagley, Charles et al. (1952).&nbsp;<em>Race and class in rural Brazil<\/em>. Paris: Unesco.<\/p>\n\n\n\n<p class=\"\"><strong>4. Chapter in book<\/strong><\/p>\n\n\n\n<p style=\"margin-top:0;margin-bottom:0\" class=\"\">Fernandes, Florestan. (2008). Os movimentos sociais no \u201cmeio negro\u201d. In:&nbsp;<em>A integra\u00e7\u00e3o do negro na sociedade de classes.<\/em>&nbsp;S\u00e3o Paulo: Globo, p. 7-134 (vol. 2).<\/p>\n\n\n\n<p class=\"\"><strong>5. Collection<\/strong><\/p>\n\n\n\n<p style=\"margin-top:0;margin-bottom:0\" class=\"\">Botelho, Andr\u00e9 &amp; Schwarcz, Lilia Moritz (orgs.). (2009).&nbsp;<em>Um enigma chamado Brasil<\/em>. S\u00e3o Paulo: Companhia das Letras.<\/p>\n\n\n\n<p class=\"\"><strong>6. Article in book organized by author<\/strong><\/p>\n\n\n\n<p style=\"margin-top:0;margin-bottom:0\" class=\"\">Gon\u00e7alves, Jos\u00e9 Reginaldo Santos. (2007). Teorias antropol\u00f3gicas e objetos materiais. In:&nbsp;<em>Antropologia dos objetos: cole\u00e7\u00f5es, museus e patrim\u00f4nios<\/em>. Rio de Janeiro: IPHAN, p. 13-42.<\/p>\n\n\n\n<p class=\"\"><strong>7. Article in book organized by the author and another person<\/strong><\/p>\n\n\n\n<p style=\"margin-top:0;margin-bottom:0\" class=\"\">Villas B\u00f4as, Glaucia. (2008). O insolidarismo revisitado em&nbsp;<em>O problema do sindicato \u00fanico no Brasil<\/em>. In: Villas B\u00f4as, Glaucia &amp; Pessanha, Elina Gon\u00e7alves da Fonte &amp; Morel, Regina L\u00facia de Moraes.&nbsp;<em>Evaristo de Moraes Filho, um intelectual humanista.<\/em>&nbsp;Rio de Janeiro: Topbooks, p. 61-84.<\/p>\n\n\n\n<p class=\"\"><strong>8. Article in book organized by another author<\/strong>&nbsp;<\/p>\n\n\n\n<p style=\"margin-top:0;margin-bottom:0\" class=\"\">Alexander, Jeffrey. (1999). A import\u00e2ncia dos cl\u00e1ssicos. In: Giddens, Anthony &amp; Jonathan Turner (orgs.).&nbsp;<em>Teoria social hoje<\/em>. S\u00e3o Paulo: Ed. Unesp, p. 23-89.<\/p>\n\n\n\n<p class=\"\"><strong>9. Article in periodical or journal<\/strong><\/p>\n\n\n\n<p style=\"margin-top:0;margin-bottom:0\" class=\"\">L\u00e9vi-Strauss, Claude. (1988). Exode sur exode<em>. L\u2019Homme<\/em>, XXVIII\/2-3, p. 13-23.<\/p>\n\n\n\n<p class=\"\"><strong>10. Theses<\/strong>&nbsp;<\/p>\n\n\n\n<p style=\"margin-top:0;margin-bottom:0\" class=\"\">Veiga Junior, Maur\u00edcio Hoelz. (2010).&nbsp;<em>Homens livres, mundo privado: viol\u00eancia e pessoaliza\u00e7\u00e3o numa sequ\u00eancia sociol\u00f3gica<\/em>. Disserta\u00e7\u00e3o de Mestrado. PPGSA\/Universidade Federal do Rio de Janeiro.<\/p>\n\n\n\n<p class=\"\"><strong>11. Second entry by same author<\/strong><\/p>\n\n\n\n<p style=\"margin-top:0;margin-bottom:0\" class=\"\">Luhmann, Niklas. (2010).&nbsp;<em>Introdu\u00e7\u00e3o \u00e0 teoria dos sistemas<\/em>. Petr\u00f3polis:&nbsp; Vozes.<br>Luhmann, Niklas. (1991). <em>O amor como paix\u00e3o<\/em>. Lisboa\/Rio de Janeiro: Difel\/Bertrand Brasil.<\/p>\n\n\n\n<p class=\"\"><strong>12. On-line research<\/strong><\/p>\n\n\n\n<p style=\"margin-top:0;margin-bottom:0\" class=\"\">Sallum Jr., Bras\u00edlio &amp; Casar\u00f5es, Guilherme. (2011). O impeachment de Collor: literatura e processo. Dispon\u00edvel em &lt;http:\/\/www.acessa.com\/gramsci\/?page=visualizar&amp;id=1374&gt;. Acesso em 9 jun. 2011.<\/p>\n\n\n\n<div style=\"height:10px\" aria-hidden=\"true\" class=\"wp-block-spacer\"><\/div>\n\n\n\n<h2 class=\"wp-block-heading\"><strong>Supplementary Documents&nbsp;<\/strong><\/h2>\n\n\n\n<p class=\"\">When submitting manuscripts, we ask that you complete and send in the Open Science Compliance Form. If necessary, a statement of the research's approval by the institutional ethics committee should be sent.<\/p>\n\n\n\n<div style=\"height:10px\" aria-hidden=\"true\" class=\"wp-block-spacer\"><\/div>\n\n\n\n<h2 class=\"wp-block-heading\"><strong>Financing Statement<\/strong><\/h2>\n\n\n\n<p class=\"\">Authors should inform all sources of support for their work, including names of funding agencies, contract number (if any), along with explanations of the role of these sources.<\/p>\n\n\n\n<div style=\"height:10px\" aria-hidden=\"true\" class=\"wp-block-spacer\"><\/div>\n\n\n\n<h2 class=\"wp-block-heading\"><strong>Additional Information<\/strong><\/h2>\n\n\n\n<p class=\"\">Any needed modifications in the manuscripts' structure or contents will be made in accordance with the authors. No additions or changes will be allowed after material has been printed.<\/p>","protected":false},"excerpt":{"rendered":"<p>Tipos de documentos aceitos Sociologia &amp; Antropologia aceita os seguintes tipos de contribui\u00e7\u00f5es: 1) Artigos in\u00e9ditos ou previamente disponibilizados em servidores preprint (at\u00e9 9 mil palavras, incluindo refer\u00eancias bibliogr\u00e1ficas e notas)&nbsp; 2) Registros de pesquisa (at\u00e9 4.400 palavras). Esta se\u00e7\u00e3o inclui: a. Apresenta\u00e7\u00e3o de fontes e documentos de interesse para a hist\u00f3ria das ci\u00eancias sociais [&hellip;]<\/p>\n","protected":false},"author":1,"featured_media":0,"parent":0,"menu_order":0,"comment_status":"closed","ping_status":"closed","template":"","meta":{"nf_dc_page":"","footnotes":""},"class_list":["post-2657","page","type-page","status-publish","hentry"],"_links":{"self":[{"href":"https:\/\/sociologiaeantropologia.com.br\/en\/wp-json\/wp\/v2\/pages\/2657","targetHints":{"allow":["GET"]}}],"collection":[{"href":"https:\/\/sociologiaeantropologia.com.br\/en\/wp-json\/wp\/v2\/pages"}],"about":[{"href":"https:\/\/sociologiaeantropologia.com.br\/en\/wp-json\/wp\/v2\/types\/page"}],"author":[{"embeddable":true,"href":"https:\/\/sociologiaeantropologia.com.br\/en\/wp-json\/wp\/v2\/users\/1"}],"replies":[{"embeddable":true,"href":"https:\/\/sociologiaeantropologia.com.br\/en\/wp-json\/wp\/v2\/comments?post=2657"}],"version-history":[{"count":4,"href":"https:\/\/sociologiaeantropologia.com.br\/en\/wp-json\/wp\/v2\/pages\/2657\/revisions"}],"predecessor-version":[{"id":3482,"href":"https:\/\/sociologiaeantropologia.com.br\/en\/wp-json\/wp\/v2\/pages\/2657\/revisions\/3482"}],"wp:attachment":[{"href":"https:\/\/sociologiaeantropologia.com.br\/en\/wp-json\/wp\/v2\/media?parent=2657"}],"curies":[{"name":"wp","href":"https:\/\/api.w.org\/{rel}","templated":true}]}}