{"id":2656,"date":"2024-05-30T19:58:23","date_gmt":"2024-05-30T19:58:23","guid":{"rendered":"https:\/\/sociologiaeantropologia.com.br\/?page_id=2656"},"modified":"2024-05-31T19:02:45","modified_gmt":"2024-05-31T19:02:45","slug":"corpo-editorial","status":"publish","type":"page","link":"https:\/\/sociologiaeantropologia.com.br\/en\/corpo-editorial\/","title":{"rendered":"editorial board"},"content":{"rendered":"<h2 class=\"wp-block-heading has-foreground-color has-text-color has-link-color wp-elements-3cf0e510f39032f23d9130e7ea34c4cd\" style=\"font-size:clamp(14px, 0.875rem + ((1vw - 3.2px) * 0.714), 20px);font-style:normal;font-weight:700\"><strong>Editor-in-Chief<\/strong><\/h2>\n\n\n\n<p class=\"\"><strong>Andre Bittencourt<\/strong><br>Universidade Federal do Rio de Janeiro (UFRJ), Rio de Janeiro, RJ, Brasil\u00a0<\/p>\n\n\n\n<div style=\"height:10px\" aria-hidden=\"true\" class=\"wp-block-spacer\"><\/div>\n\n\n\n<h2 class=\"wp-block-heading\"><strong>Executive Editors<\/strong><\/h2>\n\n\n\n<p class=\"\"><strong>Antonio Brasil Jr.<\/strong><br>Universidade Federal do Rio de Janeiro (UFRJ), Rio de Janeiro, RJ, Brasil<\/p>\n\n\n\n<p class=\"\"><strong>Aparecida Moraes<\/strong><br>\u00a0Universidade Federal do Rio de Janeiro (UFRJ), Rio de Janeiro, RJ, Brasil<\/p>\n\n\n\n<p class=\"\"><strong>Rodrigo Toniol<\/strong><br>\u00a0Universidade Federal do Rio de Janeiro (UFRJ), Rio de Janeiro, RJ, Brasil\u00a0<\/p>\n\n\n\n<p class=\"\"><strong>Tatiana Bacal<\/strong><br>Universidade Federal do Rio de Janeiro (UFRJ), Rio de Janeiro, RJ, Brasil<\/p>\n\n\n\n<p class=\"\"><strong>Thays Monticelli<\/strong><br>\u00a0Universidade Federal do Rio de Janeiro (UFRJ), Rio de Janeiro, RJ, Brasil\u00a0<\/p>\n\n\n\n<p class=\"\"><strong>Wagner Neves Diniz Chaves<\/strong><br>\u00a0Universidade Federal do Rio de Janeiro (UFRJ), Rio de Janeiro, RJ, Brasil\u00a0<\/p>\n\n\n\n<div style=\"height:10px\" aria-hidden=\"true\" class=\"wp-block-spacer\"><\/div>\n\n\n\n<h2 class=\"wp-block-heading\"><strong>Associate Editors&nbsp;<\/strong><\/h2>\n\n\n\n<h3 class=\"wp-block-heading\"><strong>Advisory board<\/strong><\/h3>\n\n\n\n<p class=\"\"><strong>Andr\u00e9 Botelho<\/strong><br>Universidade Federal do Rio de Janeiro (UFRJ), Rio de Janeiro, RJ, Brasil\u00a0<\/p>\n\n\n\n<p class=\"\"><strong>Elina Pessanha<\/strong><br>Universidade Federal do Rio de Janeiro (UFRJ), Rio de Janeiro, RJ, Brasil\u00a0<\/p>\n\n\n\n<p class=\"\"><strong>Glaucia Villas B\u00f4as<\/strong><br>Universidade Federal do Rio de Janeiro (UFRJ), Rio de Janeiro, RJ, Brasil\u00a0<\/p>\n\n\n\n<p class=\"\"><strong>Jos\u00e9 Reginaldo Gon\u00e7alves<\/strong><br>Universidade Federal do Rio de Janeiro (UFRJ), Rio de Janeiro, RJ, Brasil\u00a0<\/p>\n\n\n\n<p class=\"\"><strong>Jos\u00e9 Ricardo Ramalho<\/strong><br>Universidade Federal do Rio de Janeiro (UFRJ), Rio de Janeiro, RJ, Brasil\u00a0<\/p>\n\n\n\n<p class=\"\"><strong>Maria Laura Cavalcanti<\/strong><br>Universidade Federal do Rio de Janeiro (UFRJ), Rio de Janeiro, RJ, Brasil\u00a0<\/p>\n\n\n\n<h3 class=\"wp-block-heading\"><strong>Editorial comission<\/strong><\/h3>\n\n\n\n<p class=\"\"><strong>Alain Quemin<\/strong><br>\u00a0Universit\u00e9 Paris 8, Saint-Denis, Fran\u00e7a\u00a0<\/p>\n\n\n\n<p class=\"\"><strong>Anete Ivo<\/strong><br>Universidade Federal da Bahia (UFBA), Salvador, BA, Brasil\u00a0<\/p>\n\n\n\n<p class=\"\"><strong>Brasilio Sallum Junior<\/strong><br>Universidade de S\u00e3o Paulo (USP), S\u00e3o Paulo, SP, Brasil<\/p>\n\n\n\n<p class=\"\"><strong>Carlo Severi<\/strong><br>\u00c9cole des Hautes \u00c9tudes en Sciences Sociales, Paris, Fran\u00e7a\u00a0<\/p>\n\n\n\n<p class=\"\"><strong>Charles Pessanha<\/strong><br>Universidade Federal do Rio de Janeiro (UFRJ), Rio de Janeiro, RJ, Brasil<\/p>\n\n\n\n<p class=\"\"><strong>Cristiana Bastos<\/strong><br>Universidade de Lisboa, Lisboa, Portugal\u00a0<\/p>\n\n\n\n<p class=\"\"><strong>Edna Maria Ramos de Castro<\/strong><br>Universidade Federal do Par\u00e1 (UFPA), Bel\u00e9m, PA, Brasil<\/p>\n\n\n\n<p class=\"\"><strong>Elide Rugai Bastos<\/strong><br>Universidade Estadual de Campinas (Unicamp), Campinas, SP, Brasil<\/p>\n\n\n\n<p class=\"\"><strong>Ernesto Renan Freitas Pinto<\/strong><br>Universidade Federal do Amazonas (UFMA), Manaus, AM, Brasil<\/p>\n\n\n\n<p class=\"\"><strong>Gabriel Cohn<\/strong><br>Universidade de S\u00e3o Paulo (USP), S\u00e3o Paulo, SP, Brasil<\/p>\n\n\n\n<p class=\"\"><strong>Helena Sumiko Hirata<\/strong><br>Centre National de la Recherche Scientifique, Paris, Fran\u00e7a<\/p>\n\n\n\n<p class=\"\"><strong>Helo\u00edsa Maria Murgel Starling<\/strong><br>Universidade Federal de Minas Gerais (UFMG), Belo Horizonte, MG, Brasil\u00a0<\/p>\n\n\n\n<p class=\"\"><strong>Huw Beynon<\/strong><br>Cardiff University, Wales, Reino Unido<\/p>\n\n\n\n<p class=\"\"><strong>Irlys Barreira<\/strong><br>Universidade Federal do Cear\u00e1 (UFC), Fortaleza, CE, Brasil\u00a0<\/p>\n\n\n\n<p class=\"\"><strong>Jeffrey C. Alexander<\/strong><br>Yale University, New Haven, Estados Unidos\u00a0<\/p>\n\n\n\n<p class=\"\"><strong>Jo\u00e3o de Pina Cabral<\/strong><br>Universidade de Lisboa, Lisboa, Portugal<\/p>\n\n\n\n<p class=\"\"><strong>Jos\u00e9 Sergio Leite Lopes<\/strong><br>Universidade Federal do Rio de Janeiro (UFRJ), Rio de Janeiro, RJ, Brasil<\/p>\n\n\n\n<p class=\"\"><strong>Jos\u00e9 Maur\u00edcio Domingues<\/strong><br>Universidade do Estado do Rio de Janeiro (IESP\/UERJ), Rio de Janeiro, RJ, Brasil\u00a0<\/p>\n\n\n\n<p class=\"\"><strong>Jos\u00e9 Vicente Tavares dos Santos<\/strong><br>Universidade Federal do Rio Grande do Sul (UFRGS), Porto Alegre, RS, Brasil\u00a0<\/p>\n\n\n\n<p class=\"\"><strong>Josefa Salete Barbosa Cavalcanti<\/strong><br>Universidade Federal de Pernambuco (UFPE), Recife, PE, Brasil<\/p>\n\n\n\n<p class=\"\"><strong>Leonilde Servolo de Medeiros<\/strong><br>Universidade Federal Rural do Rio de Janeiro (UFRRJ), Serop\u00e9dica, RJ, Brasil<\/p>\n\n\n\n<p class=\"\"><strong>Lilia Moritz Schwarcz<\/strong><br>Universidade de S\u00e3o Paulo (USP), S\u00e3o Paulo, SP, Brasil; Princeton University, Princeton, NJ, Estados Unidos<\/p>\n\n\n\n<p class=\"\"><strong>Manuela Carneiro da Cunha<\/strong><br>University of Chicago, Chicago, IL, Estados Unidos<\/p>\n\n\n\n<p class=\"\"><strong>Mariza Peirano<\/strong><br>Universidade de Bras\u00edlia (UnB), Bras\u00edlia, DF, Brasil\u00a0<\/p>\n\n\n\n<p class=\"\"><strong>Maurizio Bach<\/strong><br>Universit\u00e4t Passau, Bayern, Alemanha<\/p>\n\n\n\n<p class=\"\"><strong>Mich\u00e8le Lamont<\/strong><br>Harvard University, Cambridge, MA, Estados Unidos\u00a0<\/p>\n\n\n\n<p class=\"\"><strong>Patr\u00edcia Birman<\/strong><br>Universidade do Estado do Rio de Janeiro (UERJ), Rio de Janeiro, RJ, Brasil\u00a0<\/p>\n\n\n\n<p class=\"\"><strong>Peter Fry<\/strong><br>Universidade Federal do Rio de Janeiro (UFRJ), Rio de Janeiro, RJ, Brasil<\/p>\n\n\n\n<p class=\"\"><strong>Philippe Descola<\/strong><br>Coll\u00e8ge de France, Paris, Fran\u00e7a\u00a0<\/p>\n\n\n\n<p class=\"\"><strong>Renan Springer de Freitas<\/strong><br>Universidade Federal de Minas Gerais, Belo Horizonte, MG, Brasil\u00a0<\/p>\n\n\n\n<p class=\"\"><strong>Ruben George Oliven<\/strong><br>Universidade Federal do Rio Grande do Sul (UFRGS), Porto Alegre, RS, Brasil\u00a0<\/p>\n\n\n\n<p class=\"\"><strong>Sergio Adorno<\/strong><br>Universidade de S\u00e3o Paulo (USP), S\u00e3o Paulo, SP, Brasil<\/p>\n\n\n\n<div style=\"height:10px\" aria-hidden=\"true\" class=\"wp-block-spacer\"><\/div>\n\n\n\n<h3 class=\"wp-block-heading\"><strong>Honorary editors<\/strong><\/h3>\n\n\n\n<p class=\"\"><strong>Evaristo de Moraes Filho<\/strong> (<em>in memoriam<\/em>)<br>Academia Brasileira de Letras, Rio de Janeiro, RJ, Brasil.<\/p>\n\n\n\n<p class=\"\"><strong>Gilberto Velho<\/strong> (<em>in memoriam<\/em>)<br>Universidade Federal do Rio de Janeiro, Rio de Janeiro, RJ, Brasil.<\/p>\n\n\n\n<p class=\"\"><strong>Guenther Roth<\/strong> (<em>in memoriam<\/em>)<br>Columbia University, New York, NY, Estados Unidos.<\/p>\n\n\n\n<p class=\"\"><strong>Wanderley Guilherme dos Santos<\/strong> (<em>in memoriam<\/em>)<br>Academia Brasileira de Ci\u00eancias e Universidade Federal do Rio de Janeiro, Rio de Janeiro, RJ, Brasil.<\/p>\n\n\n\n<div style=\"height:10px\" aria-hidden=\"true\" class=\"wp-block-spacer\"><\/div>\n\n\n\n<h2 class=\"wp-block-heading\"><strong>Technical Team<\/strong><\/h2>\n\n\n\n<h3 class=\"wp-block-heading\"><strong>Assistant Editor<\/strong><\/h3>\n\n\n\n<p class=\"\"><strong>Maria Caroline Marmerolli Tresoldi<\/strong><br>Universidade Federal do Rio de Janeiro (UFRJ), Rio de Janeiro, RJ, Brasil\u00a0<\/p>\n\n\n\n<h3 class=\"wp-block-heading\"><strong>Editorial Production <\/strong>&nbsp;<\/h3>\n\n\n\n<p class=\"\"><strong>Projeto Gr\u00e1fico:<\/strong> a+a design e produ\u00e7\u00e3o &#8211; Gl\u00f3ria Afflalo&nbsp;<\/p>\n\n\n\n<p class=\"\"><strong>Prepara\u00e7\u00e3o, diagrama\u00e7\u00e3o, tradu\u00e7\u00e3o e revis\u00e3o de textos:<\/strong> Tikinet Edi\u00e7\u00e3o<\/p>","protected":false},"excerpt":{"rendered":"<p>Editor-Chefe Andre BittencourtUniversidade Federal do Rio de Janeiro (UFRJ), Rio de Janeiro, RJ, Brasil\u00a0 Editores Executivos Antonio Brasil Jr.Universidade Federal do Rio de Janeiro (UFRJ), Rio de Janeiro, RJ, Brasil Aparecida Moraes\u00a0Universidade Federal do Rio de Janeiro (UFRJ), Rio de Janeiro, RJ, Brasil Rodrigo Toniol\u00a0Universidade Federal do Rio de Janeiro (UFRJ), Rio de Janeiro, RJ, [&hellip;]<\/p>\n","protected":false},"author":1,"featured_media":0,"parent":0,"menu_order":0,"comment_status":"closed","ping_status":"closed","template":"","meta":{"nf_dc_page":"","footnotes":""},"class_list":["post-2656","page","type-page","status-publish","hentry"],"_links":{"self":[{"href":"https:\/\/sociologiaeantropologia.com.br\/en\/wp-json\/wp\/v2\/pages\/2656","targetHints":{"allow":["GET"]}}],"collection":[{"href":"https:\/\/sociologiaeantropologia.com.br\/en\/wp-json\/wp\/v2\/pages"}],"about":[{"href":"https:\/\/sociologiaeantropologia.com.br\/en\/wp-json\/wp\/v2\/types\/page"}],"author":[{"embeddable":true,"href":"https:\/\/sociologiaeantropologia.com.br\/en\/wp-json\/wp\/v2\/users\/1"}],"replies":[{"embeddable":true,"href":"https:\/\/sociologiaeantropologia.com.br\/en\/wp-json\/wp\/v2\/comments?post=2656"}],"version-history":[{"count":4,"href":"https:\/\/sociologiaeantropologia.com.br\/en\/wp-json\/wp\/v2\/pages\/2656\/revisions"}],"predecessor-version":[{"id":2829,"href":"https:\/\/sociologiaeantropologia.com.br\/en\/wp-json\/wp\/v2\/pages\/2656\/revisions\/2829"}],"wp:attachment":[{"href":"https:\/\/sociologiaeantropologia.com.br\/en\/wp-json\/wp\/v2\/media?parent=2656"}],"curies":[{"name":"wp","href":"https:\/\/api.w.org\/{rel}","templated":true}]}}